{"id":3341,"date":"2024-07-10T21:35:55","date_gmt":"2024-07-10T21:35:55","guid":{"rendered":"https:\/\/sporticamx.com\/?page_id=3341"},"modified":"2025-04-29T06:49:47","modified_gmt":"2025-04-29T06:49:47","slug":"valores","status":"publish","type":"page","link":"https:\/\/sporticamx.com\/index.php\/valores\/","title":{"rendered":"Valores"},"content":{"rendered":"\t\t<div data-elementor-type=\"wp-page\" data-elementor-id=\"3341\" class=\"elementor elementor-3341\" data-elementor-post-type=\"page\">\n\t\t\t\t<div class=\"elementor-element elementor-element-e0e103d e-flex e-con-boxed e-con e-parent\" data-id=\"e0e103d\" data-element_type=\"container\" data-e-type=\"container\" data-settings=\"{&quot;background_background&quot;:&quot;classic&quot;}\">\n\t\t\t\t\t<div class=\"e-con-inner\">\n\t\t\t\t<div class=\"elementor-element elementor-element-c68f61c elementor-widget elementor-widget-heading\" data-id=\"c68f61c\" data-element_type=\"widget\" data-e-type=\"widget\" data-widget_type=\"heading.default\">\n\t\t\t\t<div class=\"elementor-widget-container\">\n\t\t\t\t\t<h1 class=\"elementor-heading-title elementor-size-default\">NUESTROS VALORES<\/h1>\t\t\t\t<\/div>\n\t\t\t\t<\/div>\n\t\t\t\t\t<\/div>\n\t\t\t\t<\/div>\n\t\t<div class=\"elementor-element elementor-element-d4acb54 e-flex e-con-boxed e-con e-parent\" data-id=\"d4acb54\" data-element_type=\"container\" data-e-type=\"container\" data-settings=\"{&quot;background_background&quot;:&quot;gradient&quot;}\">\n\t\t\t\t\t<div class=\"e-con-inner\">\n\t\t\t\t<div class=\"elementor-element elementor-element-f2f2aa1 elementor-widget elementor-widget-text-editor\" data-id=\"f2f2aa1\" data-element_type=\"widget\" data-e-type=\"widget\" data-widget_type=\"text-editor.default\">\n\t\t\t\t<div class=\"elementor-widget-container\">\n\t\t\t\t\t\t\t\t\t<p><span style=\"font-weight: 400;\">En grupo Sportica nos comprometemos a hacer que nuestros usuarios se sientan en un ambiente familiar que promueve el respeto y empat\u00eda por parte de nuestros colaboradores en todo momento. Buscamos la igualdad y solidaridad en la convivencia diaria para as\u00ed alcanzar los valores deportivos, como lo son el compromiso, dedicaci\u00f3n, disciplina y constancia desde un enfoque social e intelectual para lograr los objetivos y metas acordados en un principio con nuestros clientes.<\/span><\/p><p><span style=\"font-weight: 400;\">Se busca un sentido de pertenencia en nuestro grupo para as\u00ed lograr una uni\u00f3n y conexi\u00f3n con nuestros usuarios brind\u00e1ndoles espacios confiables, c\u00f3modos y libres.<\/span><\/p>\t\t\t\t\t\t\t\t<\/div>\n\t\t\t\t<\/div>\n\t\t\t\t<div class=\"elementor-element elementor-element-26b6052 elementor-widget elementor-widget-text-editor\" data-id=\"26b6052\" data-element_type=\"widget\" data-e-type=\"widget\" data-widget_type=\"text-editor.default\">\n\t\t\t\t<div class=\"elementor-widget-container\">\n\t\t\t\t\t\t\t\t\t<h1><strong>Misi\u00f3n\u00a0<\/strong><\/h1>\t\t\t\t\t\t\t\t<\/div>\n\t\t\t\t<\/div>\n\t\t\t\t<div class=\"elementor-element elementor-element-f472a75 elementor-widget elementor-widget-text-editor\" data-id=\"f472a75\" data-element_type=\"widget\" data-e-type=\"widget\" data-widget_type=\"text-editor.default\">\n\t\t\t\t<div class=\"elementor-widget-container\">\n\t\t\t\t\t\t\t\t\t<p><span style=\"font-weight: 400;\">Brindar a nuestros usuarios espacios enfocados en la confianza, respeto y libertad para permitirles llevar un estilo de vida saludable tanto f\u00edsica como mentalmente en compa\u00f1\u00eda de un asesoramiento de personal altamente capacitado, ayud\u00e1ndolos a lograr sus objetivos durante toda su trayectoria, desarrollando ambientes de convivencia, aceptaci\u00f3n y comprensi\u00f3n.<\/span><\/p>\t\t\t\t\t\t\t\t<\/div>\n\t\t\t\t<\/div>\n\t\t\t\t<div class=\"elementor-element elementor-element-6d83f9e elementor-widget elementor-widget-text-editor\" data-id=\"6d83f9e\" data-element_type=\"widget\" data-e-type=\"widget\" data-widget_type=\"text-editor.default\">\n\t\t\t\t<div class=\"elementor-widget-container\">\n\t\t\t\t\t\t\t\t\t<h1><strong>Visi\u00f3n<\/strong>\u00a0<\/h1>\t\t\t\t\t\t\t\t<\/div>\n\t\t\t\t<\/div>\n\t\t\t\t<div class=\"elementor-element elementor-element-b47a3d6 elementor-widget elementor-widget-text-editor\" data-id=\"b47a3d6\" data-element_type=\"widget\" data-e-type=\"widget\" data-widget_type=\"text-editor.default\">\n\t\t\t\t<div class=\"elementor-widget-container\">\n\t\t\t\t\t\t\t\t\t<p><span style=\"font-weight: 400;\">Posicionarnos como empresa mexicana l\u00edder dentro de nuestra categor\u00eda a nivel nacional e internacional, poniendo siempre en primer lugar la satisfacci\u00f3n y comodidad de nuestros usuarios para lograr ser la mejor opci\u00f3n deportiva que se identifica y caracteriza en imagen y presencia por su comunidad, creando as\u00ed espacios confiables e incluyentes.<\/span><\/p>\t\t\t\t\t\t\t\t<\/div>\n\t\t\t\t<\/div>\n\t\t\t\t\t<\/div>\n\t\t\t\t<\/div>\n\t\t<div class=\"elementor-element elementor-element-c19bcb9 e-flex e-con-boxed e-con e-parent\" data-id=\"c19bcb9\" data-element_type=\"container\" data-e-type=\"container\" data-settings=\"{&quot;background_background&quot;:&quot;classic&quot;}\">\n\t\t\t\t\t<div class=\"e-con-inner\">\n\t\t\t\t\t<\/div>\n\t\t\t\t<\/div>\n\t\t\t\t<\/div>\n\t\t","protected":false},"excerpt":{"rendered":"<p>NUESTROS VALORES En grupo Sportica nos comprometemos a hacer que nuestros usuarios se sientan en un ambiente familiar que promueve el respeto y empat\u00eda por parte de nuestros colaboradores en todo momento. Buscamos la igualdad y solidaridad en la convivencia diaria para as\u00ed alcanzar los valores deportivos, como lo son el compromiso, dedicaci\u00f3n, disciplina y [&hellip;]<\/p>\n","protected":false},"author":6,"featured_media":0,"parent":0,"menu_order":0,"comment_status":"closed","ping_status":"closed","template":"","meta":{"_eb_attr":"","footnotes":""},"class_list":["post-3341","page","type-page","status-publish","hentry"],"_links":{"self":[{"href":"https:\/\/sporticamx.com\/index.php\/wp-json\/wp\/v2\/pages\/3341","targetHints":{"allow":["GET"]}}],"collection":[{"href":"https:\/\/sporticamx.com\/index.php\/wp-json\/wp\/v2\/pages"}],"about":[{"href":"https:\/\/sporticamx.com\/index.php\/wp-json\/wp\/v2\/types\/page"}],"author":[{"embeddable":true,"href":"https:\/\/sporticamx.com\/index.php\/wp-json\/wp\/v2\/users\/6"}],"replies":[{"embeddable":true,"href":"https:\/\/sporticamx.com\/index.php\/wp-json\/wp\/v2\/comments?post=3341"}],"version-history":[{"count":127,"href":"https:\/\/sporticamx.com\/index.php\/wp-json\/wp\/v2\/pages\/3341\/revisions"}],"predecessor-version":[{"id":11187,"href":"https:\/\/sporticamx.com\/index.php\/wp-json\/wp\/v2\/pages\/3341\/revisions\/11187"}],"wp:attachment":[{"href":"https:\/\/sporticamx.com\/index.php\/wp-json\/wp\/v2\/media?parent=3341"}],"curies":[{"name":"wp","href":"https:\/\/api.w.org\/{rel}","templated":true}]}}