{"id":23569,"date":"2026-03-27T09:01:30","date_gmt":"2026-03-27T15:01:30","guid":{"rendered":"https:\/\/sporticamx.com\/?page_id=23569"},"modified":"2026-03-31T10:00:56","modified_gmt":"2026-03-31T16:00:56","slug":"reporte-de-incidencias","status":"publish","type":"page","link":"https:\/\/sporticamx.com\/index.php\/reporte-de-incidencias\/","title":{"rendered":"Reporte de incidencias"},"content":{"rendered":"\t\t<div data-elementor-type=\"wp-page\" data-elementor-id=\"23569\" class=\"elementor elementor-23569\" data-elementor-post-type=\"page\">\n\t\t\t\t<div class=\"elementor-element elementor-element-8051eac e-flex e-con-boxed e-con e-parent\" data-id=\"8051eac\" data-element_type=\"container\" data-e-type=\"container\">\n\t\t\t\t\t<div class=\"e-con-inner\">\n\t\t\t\t<div class=\"elementor-element elementor-element-776de39 elementor-widget elementor-widget-html\" data-id=\"776de39\" data-element_type=\"widget\" data-e-type=\"widget\" data-widget_type=\"html.default\">\n\t\t\t\t<div class=\"elementor-widget-container\">\n\t\t\t\t\t<!DOCTYPE html>\r\n<html lang=\"es\">\r\n<head>\r\n    <meta charset=\"UTF-8\">\r\n    <title>Estatus de Dispositivos - Prestige Tech<\/title>\r\n    <script src=\"https:\/\/cdn.tailwindcss.com\"><\/script>\r\n    <link href=\"https:\/\/fonts.googleapis.com\/css2?family=Montserrat:wght@400;600&display=swap\" rel=\"stylesheet\">\r\n    <style>\r\n        body { font-family: 'Montserrat', sans-serif; background-color: #f9f9f9; }\r\n        .form-container { background: white; border-top: 4px solid #d4af37; }\r\n        input, select, textarea { border: 1px solid #e5e7eb !important; padding: 10px; border-radius: 6px; }\r\n        label { font-size: 11px; text-transform: uppercase; letter-spacing: 1px; font-weight: 600; color: #666; }\r\n    <\/style>\r\n<\/head>\r\n<body class=\"p-8\">\r\n    <div class=\"max-w-2xl mx-auto form-container shadow-2xl p-8 rounded-lg\">\r\n        <h2 class=\"text-2xl font-bold mb-6 text-center\">REPORTE DE INCIDENCIAS<\/h2>\r\n        \r\n        <form action=\"\/guardar_reporte.php\" method=\"POST\" class=\"grid grid-cols-1 gap-6\">\r\n            <div class=\"grid grid-cols-2 gap-4\">\r\n                <div class=\"flex flex-col\">\r\n                    <label>Fecha<\/label>\r\n                    <input type=\"date\" name=\"fecha\" required>\r\n                <\/div>\r\n                <div class=\"flex flex-col\">\r\n                    <label>Club<\/label>\r\n                    <select name=\"club\" required>\r\n                        <option value=\"Oficina\">Oficina<\/option>\r\n                        <option value=\"Ocean\u00eda\">Ocean\u00eda<\/option>\r\n                        <option value=\"Pradera\">Pradera<\/option>\r\n                        <option value=\"Viaducto\">Viaducto<\/option>\r\n                        <option value=\"Arbide\">Arbide<\/option>\r\n                        <option value=\"Naciones\">Naciones<\/option>\r\n                        <option value=\"Aeropuerto\">Aeropuerto<\/option>\r\n                        <option value=\"Arag\u00f3n\">Arag\u00f3n<\/option>\r\n                        <option value=\"Campestre\">Campestre<\/option>\r\n                        <option value=\"Coacalco\">Coacalco<\/option>\r\n                        <option value=\"Echegaray\">Echegaray<\/option>\r\n                        <option value=\"Egipto\">Egipto<\/option>\r\n                        <option value=\"Celaya\">Celaya<\/option>\r\n                        <option value=\"Azteca\">Azteca<\/option>\r\n                        <option value=\"Premier\">Premier<\/option>\r\n                    <\/select>\r\n                <\/div>\r\n            <\/div>\r\n\r\n            <div class=\"flex flex-col\">\r\n                <label>Dispositivo<\/label>\r\n                <input type=\"text\" name=\"dispositivo\" placeholder=\"Nombre del equipo...\" required>\r\n            <\/div>\r\n\r\n            <div class=\"grid grid-cols-2 gap-4\">\r\n                <div class=\"flex flex-col\">\r\n                    <label>Estatus<\/label>\r\n                    <select name=\"estatus\" required>\r\n                        <option>Activo<\/option>\r\n                        <option>Reporte de falla<\/option>\r\n                        <option>En revisi\u00f3n<\/option>\r\n                        <option>En reparaci\u00f3n<\/option>\r\n                        <option>Dispositivo descompuesto<\/option>\r\n                        <option>Se envi\u00f3 a compra<\/option>\r\n                        <option>Compra realizada<\/option>\r\n                        <option>Compra recibida<\/option>\r\n                        <option>En proceso de instalaci\u00f3n<\/option>\r\n                    <\/select>\r\n                <\/div>\r\n                <div class=\"flex flex-col\">\r\n                    <label>Responsable<\/label>\r\n                    <select name=\"responsable\" required>\r\n                        <option>Sistemas<\/option>\r\n                        <option>Compras<\/option>\r\n                        <option>Staff<\/option>\r\n                        <option>T\u00e9cnico<\/option>\r\n                        <option>Club<\/option>\r\n                    <\/select>\r\n                <\/div>\r\n            <\/div>\r\n\r\n            <div class=\"flex flex-col\">\r\n                <label>Observaciones<\/label>\r\n                <textarea name=\"observaciones\" rows=\"3\"><\/textarea>\r\n            <\/div>\r\n\r\n            <button type=\"submit\" class=\"bg-black text-white py-4 rounded font-bold uppercase tracking-widest hover:bg-[#d4af37] transition-all\">\r\n                Enviar Reporte\r\n            <\/button>\r\n        <\/form>\r\n    <\/div>\r\n<\/body>\r\n<\/html>\t\t\t\t<\/div>\n\t\t\t\t<\/div>\n\t\t\t\t\t<\/div>\n\t\t\t\t<\/div>\n\t\t<div class=\"elementor-element elementor-element-64167d9 e-flex e-con-boxed e-con e-parent\" data-id=\"64167d9\" data-element_type=\"container\" data-e-type=\"container\">\n\t\t\t\t\t<div class=\"e-con-inner\">\n\t\t\t\t<div class=\"elementor-element elementor-element-d942368 elementor-widget elementor-widget-text-editor\" data-id=\"d942368\" data-element_type=\"widget\" data-e-type=\"widget\" data-widget_type=\"text-editor.default\">\n\t\t\t\t<div class=\"elementor-widget-container\">\n\t\t\t\t\t\t\t\t\t<p><a href=\"https:\/\/sporticamx.com\/index.php\/reporte-de-incidencias-dashboard\/\">Dashboard<\/a><\/p>\t\t\t\t\t\t\t\t<\/div>\n\t\t\t\t<\/div>\n\t\t\t\t<div class=\"elementor-element elementor-element-bdbd0d2 elementor-widget elementor-widget-text-editor\" data-id=\"bdbd0d2\" data-element_type=\"widget\" data-e-type=\"widget\" data-widget_type=\"text-editor.default\">\n\t\t\t\t<div class=\"elementor-widget-container\">\n\t\t\t\t\t\t\t\t\t<p><a href=\"https:\/\/sporticamx.com\/archivados.php\">Archivados<\/a><\/p>\t\t\t\t\t\t\t\t<\/div>\n\t\t\t\t<\/div>\n\t\t\t\t\t<\/div>\n\t\t\t\t<\/div>\n\t\t\t\t<\/div>\n\t\t","protected":false},"excerpt":{"rendered":"<p>Estatus de Dispositivos &#8211; Prestige Tech REPORTE DE INCIDENCIAS Fecha Club OficinaOcean\u00edaPraderaViaductoArbideNacionesAeropuertoArag\u00f3nCampestreCoacalcoEchegarayEgiptoCelayaAztecaPremier Dispositivo Estatus ActivoReporte de fallaEn revisi\u00f3nEn reparaci\u00f3nDispositivo descompuestoSe envi\u00f3 a compraCompra realizadaCompra recibidaEn proceso de instalaci\u00f3n Responsable SistemasComprasStaffT\u00e9cnicoClub Observaciones Enviar Reporte Dashboard Archivados<\/p>\n","protected":false},"author":6,"featured_media":0,"parent":0,"menu_order":0,"comment_status":"closed","ping_status":"closed","template":"","meta":{"_eb_attr":"","footnotes":""},"class_list":["post-23569","page","type-page","status-publish","hentry"],"_links":{"self":[{"href":"https:\/\/sporticamx.com\/index.php\/wp-json\/wp\/v2\/pages\/23569","targetHints":{"allow":["GET"]}}],"collection":[{"href":"https:\/\/sporticamx.com\/index.php\/wp-json\/wp\/v2\/pages"}],"about":[{"href":"https:\/\/sporticamx.com\/index.php\/wp-json\/wp\/v2\/types\/page"}],"author":[{"embeddable":true,"href":"https:\/\/sporticamx.com\/index.php\/wp-json\/wp\/v2\/users\/6"}],"replies":[{"embeddable":true,"href":"https:\/\/sporticamx.com\/index.php\/wp-json\/wp\/v2\/comments?post=23569"}],"version-history":[{"count":31,"href":"https:\/\/sporticamx.com\/index.php\/wp-json\/wp\/v2\/pages\/23569\/revisions"}],"predecessor-version":[{"id":23646,"href":"https:\/\/sporticamx.com\/index.php\/wp-json\/wp\/v2\/pages\/23569\/revisions\/23646"}],"wp:attachment":[{"href":"https:\/\/sporticamx.com\/index.php\/wp-json\/wp\/v2\/media?parent=23569"}],"curies":[{"name":"wp","href":"https:\/\/api.w.org\/{rel}","templated":true}]}}