{"id":21616,"date":"2026-01-17T17:27:52","date_gmt":"2026-01-17T23:27:52","guid":{"rendered":"https:\/\/sporticamx.com\/?page_id=21616"},"modified":"2026-02-17T17:36:41","modified_gmt":"2026-02-17T23:36:41","slug":"colaboradores-multimedia","status":"publish","type":"page","link":"https:\/\/sporticamx.com\/index.php\/colaboradores-multimedia\/","title":{"rendered":"COLABORADORES Multimedia"},"content":{"rendered":"\t\t<div data-elementor-type=\"wp-page\" data-elementor-id=\"21616\" class=\"elementor elementor-21616\" data-elementor-post-type=\"page\">\n\t\t\t\t<div class=\"elementor-element elementor-element-fe4e852 e-flex e-con-boxed e-con e-parent\" data-id=\"fe4e852\" data-element_type=\"container\" data-e-type=\"container\">\n\t\t\t\t\t<div class=\"e-con-inner\">\n\t\t<div class=\"elementor-element elementor-element-6fa00c2 e-con-full e-flex e-con e-child\" data-id=\"6fa00c2\" data-element_type=\"container\" data-e-type=\"container\">\n\t\t\t\t<div class=\"elementor-element elementor-element-95a5de1 elementor-widget elementor-widget-image\" data-id=\"95a5de1\" data-element_type=\"widget\" data-e-type=\"widget\" data-widget_type=\"image.default\">\n\t\t\t\t<div class=\"elementor-widget-container\">\n\t\t\t\t\t\t\t\t\t\t\t\t\t\t\t\t<a href=\"https:\/\/sporticamx.com\/index.php\/colaboradores-contenido-menu\/\">\n\t\t\t\t\t\t\t<img fetchpriority=\"high\" decoding=\"async\" width=\"300\" height=\"168\" src=\"https:\/\/sporticamx.com\/wp-content\/uploads\/2026\/02\/logo_sportica_volver_menu-300x168.png\" class=\"elementor-animation-grow attachment-medium size-medium wp-image-21769\" alt=\"\" srcset=\"https:\/\/sporticamx.com\/wp-content\/uploads\/2026\/02\/logo_sportica_volver_menu-300x168.png 300w, https:\/\/sporticamx.com\/wp-content\/uploads\/2026\/02\/logo_sportica_volver_menu-1024x572.png 1024w, https:\/\/sporticamx.com\/wp-content\/uploads\/2026\/02\/logo_sportica_volver_menu-768x429.png 768w, https:\/\/sporticamx.com\/wp-content\/uploads\/2026\/02\/logo_sportica_volver_menu.png 1264w\" sizes=\"(max-width: 300px) 100vw, 300px\" \/>\t\t\t\t\t\t\t\t<\/a>\n\t\t\t\t\t\t\t\t\t\t\t\t\t\t\t<\/div>\n\t\t\t\t<\/div>\n\t\t\t\t<\/div>\n\t\t<div class=\"elementor-element elementor-element-f47fd8f e-con-full e-flex e-con e-child\" data-id=\"f47fd8f\" data-element_type=\"container\" data-e-type=\"container\">\n\t\t\t\t<\/div>\n\t\t\t\t\t<\/div>\n\t\t\t\t<\/div>\n\t\t<div class=\"elementor-element elementor-element-b0c8cc8 e-flex e-con-boxed e-con e-parent\" data-id=\"b0c8cc8\" data-element_type=\"container\" data-e-type=\"container\">\n\t\t\t\t\t<div class=\"e-con-inner\">\n\t\t<a class=\"eael-wrapper-link-ef68d9f --eael-wrapper-link-tag\" href=\"https:\/\/sporticamx.com\/wp-content\/uploads\/2026\/02\/PAGO-DOMICILIADO-.mp4\"><\/a>\t\t\t\t\t<div data-eael-wrapper-link=\"eael-wrapper-link-ef68d9f\" data-eael_duration=\"{&quot;transitionDuration&quot;:1000}\" data-eael_easing=\"{&quot;transitionEasing&quot;:&quot;ease&quot;}\" data-eael_scale_hover_effect=\"{&quot;scale_x&quot;:1.100000000000000088817841970012523233890533447265625,&quot;scale_y&quot;:&quot;&quot;}\" data-eael_hover_duration=\"{&quot;transitionDuration&quot;:1000}\" data-eael_hover_easing=\"{&quot;transitionEasing&quot;:&quot;ease&quot;}\" class=\"eael_hover_effect elementor-element elementor-element-ef68d9f elementor-widget elementor-widget-text-editor\" data-id=\"ef68d9f\" data-element_type=\"widget\" data-e-type=\"widget\" data-settings=\"{&quot;eael_hover_effect_transform_popover&quot;:&quot;yes&quot;,&quot;eael_hover_effect_transform_hover_popover&quot;:&quot;yes&quot;,&quot;eael_hover_effect_general_settings_easing&quot;:&quot;ease&quot;,&quot;eael_hover_effect_general_settings_hover_easing&quot;:&quot;ease&quot;}\" data-widget_type=\"text-editor.default\">\n\t\t\t\t<div class=\"elementor-widget-container\">\n\t\t\t\t\t\t\t\t\t<p>PAGO DOMICILIADO<\/p>\t\t\t\t\t\t\t\t<\/div>\n\t\t\t\t<\/div>\n\t\t<a class=\"eael-wrapper-link-be5f429 --eael-wrapper-link-tag\" href=\"https:\/\/sporticamx.com\/wp-content\/uploads\/2026\/02\/Evaluacion-fisica-y-entrenamientos-.mp4\"><\/a>\t\t\t\t\t<div data-eael-wrapper-link=\"eael-wrapper-link-be5f429\" data-eael_duration=\"{&quot;transitionDuration&quot;:1000}\" data-eael_easing=\"{&quot;transitionEasing&quot;:&quot;ease&quot;}\" data-eael_scale_hover_effect=\"{&quot;scale_x&quot;:1.100000000000000088817841970012523233890533447265625,&quot;scale_y&quot;:&quot;&quot;}\" data-eael_hover_duration=\"{&quot;transitionDuration&quot;:1000}\" data-eael_hover_easing=\"{&quot;transitionEasing&quot;:&quot;ease&quot;}\" class=\"eael_hover_effect elementor-element elementor-element-be5f429 elementor-widget elementor-widget-text-editor\" data-id=\"be5f429\" data-element_type=\"widget\" data-e-type=\"widget\" data-settings=\"{&quot;eael_hover_effect_transform_popover&quot;:&quot;yes&quot;,&quot;eael_hover_effect_transform_hover_popover&quot;:&quot;yes&quot;,&quot;eael_hover_effect_general_settings_easing&quot;:&quot;ease&quot;,&quot;eael_hover_effect_general_settings_hover_easing&quot;:&quot;ease&quot;}\" data-widget_type=\"text-editor.default\">\n\t\t\t\t<div class=\"elementor-widget-container\">\n\t\t\t\t\t\t\t\t\t<p>EVALUACI\u00d3N FISICA<\/p>\t\t\t\t\t\t\t\t<\/div>\n\t\t\t\t<\/div>\n\t\t<a class=\"eael-wrapper-link-7b71605 --eael-wrapper-link-tag\" href=\"https:\/\/sporticamx.com\/wp-content\/uploads\/2026\/02\/Recepcion-1.mp4\"><\/a>\t\t\t\t\t<div data-eael-wrapper-link=\"eael-wrapper-link-7b71605\" data-eael_duration=\"{&quot;transitionDuration&quot;:1000}\" data-eael_easing=\"{&quot;transitionEasing&quot;:&quot;ease&quot;}\" data-eael_scale_hover_effect=\"{&quot;scale_x&quot;:1.100000000000000088817841970012523233890533447265625,&quot;scale_y&quot;:&quot;&quot;}\" data-eael_hover_duration=\"{&quot;transitionDuration&quot;:1000}\" data-eael_hover_easing=\"{&quot;transitionEasing&quot;:&quot;ease&quot;}\" class=\"eael_hover_effect elementor-element elementor-element-7b71605 elementor-widget elementor-widget-text-editor\" data-id=\"7b71605\" data-element_type=\"widget\" data-e-type=\"widget\" data-settings=\"{&quot;eael_hover_effect_transform_popover&quot;:&quot;yes&quot;,&quot;eael_hover_effect_transform_hover_popover&quot;:&quot;yes&quot;,&quot;eael_hover_effect_general_settings_easing&quot;:&quot;ease&quot;,&quot;eael_hover_effect_general_settings_hover_easing&quot;:&quot;ease&quot;}\" data-widget_type=\"text-editor.default\">\n\t\t\t\t<div class=\"elementor-widget-container\">\n\t\t\t\t\t\t\t\t\t<p>RECEPCI\u00d3N<\/p>\t\t\t\t\t\t\t\t<\/div>\n\t\t\t\t<\/div>\n\t\t<a class=\"eael-wrapper-link-9956150 --eael-wrapper-link-tag\" href=\"https:\/\/sporticamx.com\/wp-content\/uploads\/2026\/02\/APP.mp4\"><\/a>\t\t\t\t\t<div data-eael-wrapper-link=\"eael-wrapper-link-9956150\" data-eael_duration=\"{&quot;transitionDuration&quot;:1000}\" data-eael_easing=\"{&quot;transitionEasing&quot;:&quot;ease&quot;}\" data-eael_scale_hover_effect=\"{&quot;scale_x&quot;:1.100000000000000088817841970012523233890533447265625,&quot;scale_y&quot;:&quot;&quot;}\" data-eael_hover_duration=\"{&quot;transitionDuration&quot;:1000}\" data-eael_hover_easing=\"{&quot;transitionEasing&quot;:&quot;ease&quot;}\" class=\"eael_hover_effect elementor-element elementor-element-9956150 elementor-widget elementor-widget-text-editor\" data-id=\"9956150\" data-element_type=\"widget\" data-e-type=\"widget\" data-settings=\"{&quot;eael_hover_effect_transform_popover&quot;:&quot;yes&quot;,&quot;eael_hover_effect_transform_hover_popover&quot;:&quot;yes&quot;,&quot;eael_hover_effect_general_settings_easing&quot;:&quot;ease&quot;,&quot;eael_hover_effect_general_settings_hover_easing&quot;:&quot;ease&quot;}\" data-widget_type=\"text-editor.default\">\n\t\t\t\t<div class=\"elementor-widget-container\">\n\t\t\t\t\t\t\t\t\t<p>APP<\/p>\t\t\t\t\t\t\t\t<\/div>\n\t\t\t\t<\/div>\n\t\t<a class=\"eael-wrapper-link-49037c4 --eael-wrapper-link-tag\" href=\"https:\/\/sporticamx.com\/wp-content\/uploads\/2026\/02\/Coach-1.mp4\"><\/a>\t\t\t\t\t<div data-eael-wrapper-link=\"eael-wrapper-link-49037c4\" data-eael_duration=\"{&quot;transitionDuration&quot;:1000}\" data-eael_easing=\"{&quot;transitionEasing&quot;:&quot;ease&quot;}\" data-eael_scale_hover_effect=\"{&quot;scale_x&quot;:1.100000000000000088817841970012523233890533447265625,&quot;scale_y&quot;:&quot;&quot;}\" data-eael_hover_duration=\"{&quot;transitionDuration&quot;:1000}\" data-eael_hover_easing=\"{&quot;transitionEasing&quot;:&quot;ease&quot;}\" class=\"eael_hover_effect elementor-element elementor-element-49037c4 elementor-widget elementor-widget-text-editor\" data-id=\"49037c4\" data-element_type=\"widget\" data-e-type=\"widget\" data-settings=\"{&quot;eael_hover_effect_transform_popover&quot;:&quot;yes&quot;,&quot;eael_hover_effect_transform_hover_popover&quot;:&quot;yes&quot;,&quot;eael_hover_effect_general_settings_easing&quot;:&quot;ease&quot;,&quot;eael_hover_effect_general_settings_hover_easing&quot;:&quot;ease&quot;}\" data-widget_type=\"text-editor.default\">\n\t\t\t\t<div class=\"elementor-widget-container\">\n\t\t\t\t\t\t\t\t\t<p>COACH<\/p>\t\t\t\t\t\t\t\t<\/div>\n\t\t\t\t<\/div>\n\t\t<a class=\"eael-wrapper-link-8e2fc42 --eael-wrapper-link-tag\" href=\"https:\/\/sporticamx.com\/wp-content\/uploads\/2026\/02\/DESCARGA-DE-CONTRATO.mp4\"><\/a>\t\t\t\t\t<div data-eael-wrapper-link=\"eael-wrapper-link-8e2fc42\" data-eael_duration=\"{&quot;transitionDuration&quot;:1000}\" data-eael_easing=\"{&quot;transitionEasing&quot;:&quot;ease&quot;}\" data-eael_scale_hover_effect=\"{&quot;scale_x&quot;:1.100000000000000088817841970012523233890533447265625,&quot;scale_y&quot;:&quot;&quot;}\" data-eael_hover_duration=\"{&quot;transitionDuration&quot;:1000}\" data-eael_hover_easing=\"{&quot;transitionEasing&quot;:&quot;ease&quot;}\" class=\"eael_hover_effect elementor-element elementor-element-8e2fc42 elementor-widget elementor-widget-text-editor\" data-id=\"8e2fc42\" data-element_type=\"widget\" data-e-type=\"widget\" data-settings=\"{&quot;eael_hover_effect_transform_popover&quot;:&quot;yes&quot;,&quot;eael_hover_effect_transform_hover_popover&quot;:&quot;yes&quot;,&quot;eael_hover_effect_general_settings_easing&quot;:&quot;ease&quot;,&quot;eael_hover_effect_general_settings_hover_easing&quot;:&quot;ease&quot;}\" data-widget_type=\"text-editor.default\">\n\t\t\t\t<div class=\"elementor-widget-container\">\n\t\t\t\t\t\t\t\t\t<p>DESCARGA DE CONTRATO<\/p>\t\t\t\t\t\t\t\t<\/div>\n\t\t\t\t<\/div>\n\t\t<a class=\"eael-wrapper-link-d2d1c70 --eael-wrapper-link-tag\" href=\"https:\/\/sporticamx.com\/wp-content\/uploads\/2026\/02\/Evaluacion-fisica-y-entrenamientos-.mp4\"><\/a>\t\t\t\t\t<div data-eael-wrapper-link=\"eael-wrapper-link-d2d1c70\" data-eael_duration=\"{&quot;transitionDuration&quot;:1000}\" data-eael_easing=\"{&quot;transitionEasing&quot;:&quot;ease&quot;}\" data-eael_scale_hover_effect=\"{&quot;scale_x&quot;:1.100000000000000088817841970012523233890533447265625,&quot;scale_y&quot;:&quot;&quot;}\" data-eael_hover_duration=\"{&quot;transitionDuration&quot;:1000}\" data-eael_hover_easing=\"{&quot;transitionEasing&quot;:&quot;ease&quot;}\" class=\"eael_hover_effect elementor-element elementor-element-d2d1c70 elementor-widget elementor-widget-text-editor\" data-id=\"d2d1c70\" data-element_type=\"widget\" data-e-type=\"widget\" data-settings=\"{&quot;eael_hover_effect_transform_popover&quot;:&quot;yes&quot;,&quot;eael_hover_effect_transform_hover_popover&quot;:&quot;yes&quot;,&quot;eael_hover_effect_general_settings_easing&quot;:&quot;ease&quot;,&quot;eael_hover_effect_general_settings_hover_easing&quot;:&quot;ease&quot;}\" data-widget_type=\"text-editor.default\">\n\t\t\t\t<div class=\"elementor-widget-container\">\n\t\t\t\t\t\t\t\t\t<p>EVALUACI\u00d3N FISICA Y ENTRENAMIENTO<\/p>\t\t\t\t\t\t\t\t<\/div>\n\t\t\t\t<\/div>\n\t\t<a class=\"eael-wrapper-link-8dbd132 --eael-wrapper-link-tag\" href=\"https:\/\/sporticamx.com\/wp-content\/uploads\/2026\/02\/Pago-domiciliado-web-1.mp4\"><\/a>\t\t\t\t\t<div data-eael-wrapper-link=\"eael-wrapper-link-8dbd132\" data-eael_duration=\"{&quot;transitionDuration&quot;:1000}\" data-eael_easing=\"{&quot;transitionEasing&quot;:&quot;ease&quot;}\" data-eael_scale_hover_effect=\"{&quot;scale_x&quot;:1.100000000000000088817841970012523233890533447265625,&quot;scale_y&quot;:&quot;&quot;}\" data-eael_hover_duration=\"{&quot;transitionDuration&quot;:1000}\" data-eael_hover_easing=\"{&quot;transitionEasing&quot;:&quot;ease&quot;}\" class=\"eael_hover_effect elementor-element elementor-element-8dbd132 elementor-widget elementor-widget-text-editor\" data-id=\"8dbd132\" data-element_type=\"widget\" data-e-type=\"widget\" data-settings=\"{&quot;eael_hover_effect_transform_popover&quot;:&quot;yes&quot;,&quot;eael_hover_effect_transform_hover_popover&quot;:&quot;yes&quot;,&quot;eael_hover_effect_general_settings_easing&quot;:&quot;ease&quot;,&quot;eael_hover_effect_general_settings_hover_easing&quot;:&quot;ease&quot;}\" data-widget_type=\"text-editor.default\">\n\t\t\t\t<div class=\"elementor-widget-container\">\n\t\t\t\t\t\t\t\t\t<p>PAGO DOMICILIADO WEB<\/p>\t\t\t\t\t\t\t\t<\/div>\n\t\t\t\t<\/div>\n\t\t<a class=\"eael-wrapper-link-a3ebbbb --eael-wrapper-link-tag\" href=\"https:\/\/sporticamx.com\/wp-content\/uploads\/2026\/02\/SALDO-DEUDOR-1.mp4\"><\/a>\t\t\t\t\t<div data-eael-wrapper-link=\"eael-wrapper-link-a3ebbbb\" data-eael_duration=\"{&quot;transitionDuration&quot;:1000}\" data-eael_easing=\"{&quot;transitionEasing&quot;:&quot;ease&quot;}\" data-eael_scale_hover_effect=\"{&quot;scale_x&quot;:1.100000000000000088817841970012523233890533447265625,&quot;scale_y&quot;:&quot;&quot;}\" data-eael_hover_duration=\"{&quot;transitionDuration&quot;:1000}\" data-eael_hover_easing=\"{&quot;transitionEasing&quot;:&quot;ease&quot;}\" class=\"eael_hover_effect elementor-element elementor-element-a3ebbbb elementor-widget elementor-widget-text-editor\" data-id=\"a3ebbbb\" data-element_type=\"widget\" data-e-type=\"widget\" data-settings=\"{&quot;eael_hover_effect_transform_popover&quot;:&quot;yes&quot;,&quot;eael_hover_effect_transform_hover_popover&quot;:&quot;yes&quot;,&quot;eael_hover_effect_general_settings_easing&quot;:&quot;ease&quot;,&quot;eael_hover_effect_general_settings_hover_easing&quot;:&quot;ease&quot;}\" data-widget_type=\"text-editor.default\">\n\t\t\t\t<div class=\"elementor-widget-container\">\n\t\t\t\t\t\t\t\t\t<p>SALDO DEUDOR<\/p>\t\t\t\t\t\t\t\t<\/div>\n\t\t\t\t<\/div>\n\t\t<a class=\"eael-wrapper-link-452d742 --eael-wrapper-link-tag\" href=\"https:\/\/sporticamx.com\/wp-content\/uploads\/2026\/02\/SUBIR-INE.mp4\"><\/a>\t\t\t\t\t<div data-eael-wrapper-link=\"eael-wrapper-link-452d742\" data-eael_duration=\"{&quot;transitionDuration&quot;:1000}\" data-eael_easing=\"{&quot;transitionEasing&quot;:&quot;ease&quot;}\" data-eael_scale_hover_effect=\"{&quot;scale_x&quot;:1.100000000000000088817841970012523233890533447265625,&quot;scale_y&quot;:&quot;&quot;}\" data-eael_hover_duration=\"{&quot;transitionDuration&quot;:1000}\" data-eael_hover_easing=\"{&quot;transitionEasing&quot;:&quot;ease&quot;}\" class=\"eael_hover_effect elementor-element elementor-element-452d742 elementor-widget elementor-widget-text-editor\" data-id=\"452d742\" data-element_type=\"widget\" data-e-type=\"widget\" data-settings=\"{&quot;eael_hover_effect_transform_popover&quot;:&quot;yes&quot;,&quot;eael_hover_effect_transform_hover_popover&quot;:&quot;yes&quot;,&quot;eael_hover_effect_general_settings_easing&quot;:&quot;ease&quot;,&quot;eael_hover_effect_general_settings_hover_easing&quot;:&quot;ease&quot;}\" data-widget_type=\"text-editor.default\">\n\t\t\t\t<div class=\"elementor-widget-container\">\n\t\t\t\t\t\t\t\t\t<p>SUBIR INE<\/p>\t\t\t\t\t\t\t\t<\/div>\n\t\t\t\t<\/div>\n\t\t<a class=\"eael-wrapper-link-3020cf9 --eael-wrapper-link-tag\" href=\"https:\/\/sporticamx.com\/wp-content\/uploads\/2026\/02\/Ventas-1.mp4\"><\/a>\t\t\t\t\t<div data-eael-wrapper-link=\"eael-wrapper-link-3020cf9\" data-eael_duration=\"{&quot;transitionDuration&quot;:1000}\" data-eael_easing=\"{&quot;transitionEasing&quot;:&quot;ease&quot;}\" data-eael_scale_hover_effect=\"{&quot;scale_x&quot;:1.100000000000000088817841970012523233890533447265625,&quot;scale_y&quot;:&quot;&quot;}\" data-eael_hover_duration=\"{&quot;transitionDuration&quot;:1000}\" data-eael_hover_easing=\"{&quot;transitionEasing&quot;:&quot;ease&quot;}\" class=\"eael_hover_effect elementor-element elementor-element-3020cf9 elementor-widget elementor-widget-text-editor\" data-id=\"3020cf9\" data-element_type=\"widget\" data-e-type=\"widget\" data-settings=\"{&quot;eael_hover_effect_transform_popover&quot;:&quot;yes&quot;,&quot;eael_hover_effect_transform_hover_popover&quot;:&quot;yes&quot;,&quot;eael_hover_effect_general_settings_easing&quot;:&quot;ease&quot;,&quot;eael_hover_effect_general_settings_hover_easing&quot;:&quot;ease&quot;}\" data-widget_type=\"text-editor.default\">\n\t\t\t\t<div class=\"elementor-widget-container\">\n\t\t\t\t\t\t\t\t\t<p>VENTAS<\/p>\t\t\t\t\t\t\t\t<\/div>\n\t\t\t\t<\/div>\n\t\t\t\t\t<\/div>\n\t\t\t\t<\/div>\n\t\t\t\t<\/div>\n\t\t","protected":false},"excerpt":{"rendered":"<p>PAGO DOMICILIADO EVALUACI\u00d3N FISICA RECEPCI\u00d3N APP COACH DESCARGA DE CONTRATO EVALUACI\u00d3N FISICA Y ENTRENAMIENTO PAGO DOMICILIADO WEB SALDO DEUDOR SUBIR INE VENTAS<\/p>\n","protected":false},"author":6,"featured_media":0,"parent":0,"menu_order":0,"comment_status":"closed","ping_status":"closed","template":"","meta":{"_eb_attr":"","footnotes":""},"class_list":["post-21616","page","type-page","status-publish","hentry"],"_links":{"self":[{"href":"https:\/\/sporticamx.com\/index.php\/wp-json\/wp\/v2\/pages\/21616","targetHints":{"allow":["GET"]}}],"collection":[{"href":"https:\/\/sporticamx.com\/index.php\/wp-json\/wp\/v2\/pages"}],"about":[{"href":"https:\/\/sporticamx.com\/index.php\/wp-json\/wp\/v2\/types\/page"}],"author":[{"embeddable":true,"href":"https:\/\/sporticamx.com\/index.php\/wp-json\/wp\/v2\/users\/6"}],"replies":[{"embeddable":true,"href":"https:\/\/sporticamx.com\/index.php\/wp-json\/wp\/v2\/comments?post=21616"}],"version-history":[{"count":31,"href":"https:\/\/sporticamx.com\/index.php\/wp-json\/wp\/v2\/pages\/21616\/revisions"}],"predecessor-version":[{"id":22206,"href":"https:\/\/sporticamx.com\/index.php\/wp-json\/wp\/v2\/pages\/21616\/revisions\/22206"}],"wp:attachment":[{"href":"https:\/\/sporticamx.com\/index.php\/wp-json\/wp\/v2\/media?parent=21616"}],"curies":[{"name":"wp","href":"https:\/\/api.w.org\/{rel}","templated":true}]}}