{"id":21109,"date":"2025-12-29T10:35:10","date_gmt":"2025-12-29T16:35:10","guid":{"rendered":"https:\/\/sporticamx.com\/?page_id=21109"},"modified":"2025-12-29T10:45:28","modified_gmt":"2025-12-29T16:45:28","slug":"terminos-y-condiciones-cash-back","status":"publish","type":"page","link":"https:\/\/sporticamx.com\/index.php\/terminos-y-condiciones-cash-back\/","title":{"rendered":"Terminos y condiciones cash back"},"content":{"rendered":"\t\t<div data-elementor-type=\"wp-page\" data-elementor-id=\"21109\" class=\"elementor elementor-21109\" data-elementor-post-type=\"page\">\n\t\t\t\t<div class=\"elementor-element elementor-element-172cc12 e-flex e-con-boxed e-con e-parent\" data-id=\"172cc12\" data-element_type=\"container\" data-e-type=\"container\">\n\t\t\t\t\t<div class=\"e-con-inner\">\n\t\t\t\t<div class=\"elementor-element elementor-element-ffe0e26 elementor-widget elementor-widget-heading\" data-id=\"ffe0e26\" data-element_type=\"widget\" data-e-type=\"widget\" data-widget_type=\"heading.default\">\n\t\t\t\t<div class=\"elementor-widget-container\">\n\t\t\t\t\t<h2 class=\"elementor-heading-title elementor-size-default\">T\u00e9rminos y Condiciones de cash back<\/h2>\t\t\t\t<\/div>\n\t\t\t\t<\/div>\n\t\t\t\t<div class=\"elementor-element elementor-element-0040465 elementor-widget elementor-widget-text-editor\" data-id=\"0040465\" data-element_type=\"widget\" data-e-type=\"widget\" data-widget_type=\"text-editor.default\">\n\t\t\t\t<div class=\"elementor-widget-container\">\n\t\t\t\t\t\t\t\t\t<p>* El Cash Back es un saldo interno, no canjeable por dinero en efectivo.<\/p><p>* Aplica \u00fanicamente cuando el referido haya sido registrado previamente con el nombre del socio que refiere y realice el pago de un plan vigente.<\/p><p>* No aplica para visitas, Day Pass, cortes\u00edas ni promociones gratuitas.<\/p><p>* El Cash Back se otorga una vez validado el pago y registrado por Recepci\u00f3n o el L\u00edder.<\/p><p>* El beneficio no es transferible y se asigna exclusivamente al socio que refiere, registrando su ID y nombre.<\/p><p>* No es acumulable con promociones mayores al 20% de descuento, excepto anualidades.<\/p><p>* No aplica en pagos domiciliados; \u00fanicamente en planes pagados directamente en recepci\u00f3n.<\/p><p>(El socio domiciliado s\u00ed puede referir y obtener Cash Back para pago de servicios de entrenamiento personal).<\/p><p>* El Cash Back puede utilizarse de forma total o parcial, conforme a los montos m\u00e1ximos por producto.<\/p><p>* En caso de cancelaci\u00f3n de membres\u00eda, el Cash Back se congela, siempre que est\u00e9 dentro de vigencia.<\/p><p>* Todos los saldos expiran en febrero de 2026, sin excepci\u00f3n.<\/p><p>* Una vez utilizado, el comprobante ser\u00e1 retenido y archivado para control y auditor\u00eda.<\/p><p>MONTOS Y PRODUCTOS APLICABLES<\/p><p>El Cash Back podr\u00e1 redimirse \u00fanicamente en los siguientes productos y con los montos m\u00e1ximos indicados:<\/p><p>Entrenamientos personales (PT): 100% aplicable hasta $250 en paquete de 20 sesiones<\/p><p>Anualidad: 100% aplicable hasta $250<\/p><p>Semestre: 100% aplicable hasta $200<\/p><p>Trimestre: hasta $150<\/p><p>Mensualidad: hasta $100<\/p><p>Suplementos (bote cerrado): $50, acumulable en varios productos<\/p>\t\t\t\t\t\t\t\t<\/div>\n\t\t\t\t<\/div>\n\t\t\t\t\t<\/div>\n\t\t\t\t<\/div>\n\t\t\t\t<\/div>\n\t\t","protected":false},"excerpt":{"rendered":"<p>T\u00e9rminos y Condiciones de cash back * El Cash Back es un saldo interno, no canjeable por dinero en efectivo. * Aplica \u00fanicamente cuando el referido haya sido registrado previamente con el nombre del socio que refiere y realice el pago de un plan vigente. * No aplica para visitas, Day Pass, cortes\u00edas ni promociones [&hellip;]<\/p>\n","protected":false},"author":6,"featured_media":0,"parent":0,"menu_order":0,"comment_status":"closed","ping_status":"closed","template":"","meta":{"_eb_attr":"","footnotes":""},"class_list":["post-21109","page","type-page","status-publish","hentry"],"_links":{"self":[{"href":"https:\/\/sporticamx.com\/index.php\/wp-json\/wp\/v2\/pages\/21109","targetHints":{"allow":["GET"]}}],"collection":[{"href":"https:\/\/sporticamx.com\/index.php\/wp-json\/wp\/v2\/pages"}],"about":[{"href":"https:\/\/sporticamx.com\/index.php\/wp-json\/wp\/v2\/types\/page"}],"author":[{"embeddable":true,"href":"https:\/\/sporticamx.com\/index.php\/wp-json\/wp\/v2\/users\/6"}],"replies":[{"embeddable":true,"href":"https:\/\/sporticamx.com\/index.php\/wp-json\/wp\/v2\/comments?post=21109"}],"version-history":[{"count":10,"href":"https:\/\/sporticamx.com\/index.php\/wp-json\/wp\/v2\/pages\/21109\/revisions"}],"predecessor-version":[{"id":21119,"href":"https:\/\/sporticamx.com\/index.php\/wp-json\/wp\/v2\/pages\/21109\/revisions\/21119"}],"wp:attachment":[{"href":"https:\/\/sporticamx.com\/index.php\/wp-json\/wp\/v2\/media?parent=21109"}],"curies":[{"name":"wp","href":"https:\/\/api.w.org\/{rel}","templated":true}]}}