{"id":18332,"date":"2025-07-18T18:25:05","date_gmt":"2025-07-18T23:25:05","guid":{"rendered":"https:\/\/sporticamx.com\/?page_id=18332"},"modified":"2026-02-11T10:35:39","modified_gmt":"2026-02-11T16:35:39","slug":"reglas-generales-2025","status":"publish","type":"page","link":"https:\/\/sporticamx.com\/index.php\/reglas-generales-2025\/","title":{"rendered":"Colaboradores-Reglas Generales 2025"},"content":{"rendered":"\t\t<div data-elementor-type=\"wp-page\" data-elementor-id=\"18332\" class=\"elementor elementor-18332\" data-elementor-post-type=\"page\">\n\t\t\t\t<div class=\"elementor-element elementor-element-a798b0e e-flex e-con-boxed e-con e-parent\" data-id=\"a798b0e\" data-element_type=\"container\" data-e-type=\"container\">\n\t\t\t\t\t<div class=\"e-con-inner\">\n\t\t<div class=\"elementor-element elementor-element-55a3722 e-con-full e-flex e-con e-child\" data-id=\"55a3722\" data-element_type=\"container\" data-e-type=\"container\">\n\t\t\t\t<div class=\"elementor-element elementor-element-b43a88b elementor-widget elementor-widget-image\" data-id=\"b43a88b\" data-element_type=\"widget\" data-e-type=\"widget\" data-widget_type=\"image.default\">\n\t\t\t\t<div class=\"elementor-widget-container\">\n\t\t\t\t\t\t\t\t\t\t\t\t\t\t\t\t<a href=\"https:\/\/sporticamx.com\/index.php\/colaboradores-contenido-menu\/\">\n\t\t\t\t\t\t\t<img fetchpriority=\"high\" decoding=\"async\" width=\"300\" height=\"168\" src=\"https:\/\/sporticamx.com\/wp-content\/uploads\/2026\/02\/logo_sportica_volver_menu-300x168.png\" class=\"elementor-animation-grow attachment-medium size-medium wp-image-21769\" alt=\"\" srcset=\"https:\/\/sporticamx.com\/wp-content\/uploads\/2026\/02\/logo_sportica_volver_menu-300x168.png 300w, https:\/\/sporticamx.com\/wp-content\/uploads\/2026\/02\/logo_sportica_volver_menu-1024x572.png 1024w, https:\/\/sporticamx.com\/wp-content\/uploads\/2026\/02\/logo_sportica_volver_menu-768x429.png 768w, https:\/\/sporticamx.com\/wp-content\/uploads\/2026\/02\/logo_sportica_volver_menu.png 1264w\" sizes=\"(max-width: 300px) 100vw, 300px\" \/>\t\t\t\t\t\t\t\t<\/a>\n\t\t\t\t\t\t\t\t\t\t\t\t\t\t\t<\/div>\n\t\t\t\t<\/div>\n\t\t\t\t<\/div>\n\t\t<div class=\"elementor-element elementor-element-7e8d64e e-con-full e-flex e-con e-child\" data-id=\"7e8d64e\" data-element_type=\"container\" data-e-type=\"container\">\n\t\t\t\t<\/div>\n\t\t\t\t\t<\/div>\n\t\t\t\t<\/div>\n\t\t<div class=\"elementor-element elementor-element-0628c29 e-flex e-con-boxed e-con e-parent\" data-id=\"0628c29\" data-element_type=\"container\" data-e-type=\"container\">\n\t\t\t\t\t<div class=\"e-con-inner\">\n\t\t\t\t<div class=\"elementor-element elementor-element-b28a44b elementor-widget elementor-widget-heading\" data-id=\"b28a44b\" data-element_type=\"widget\" data-e-type=\"widget\" data-widget_type=\"heading.default\">\n\t\t\t\t<div class=\"elementor-widget-container\">\n\t\t\t\t\t<h2 class=\"elementor-heading-title elementor-size-default\">REGLAS GENERALES<\/h2>\t\t\t\t<\/div>\n\t\t\t\t<\/div>\n\t\t\t\t<div class=\"elementor-element elementor-element-1983efa elementor-widget elementor-widget-text-editor\" data-id=\"1983efa\" data-element_type=\"widget\" data-e-type=\"widget\" data-widget_type=\"text-editor.default\">\n\t\t\t\t<div class=\"elementor-widget-container\">\n\t\t\t\t\t\t\t\t\t<p><strong>\u00a0<\/strong><\/p><p><strong>CODIGO DE VESTIMENTA<\/strong><\/p><p><strong>RECEPCION<\/strong>: PLAYERA POLO SPORTICA, PANTALON NEGRO, TENIS NEGROS O BLANCOS, MAQUILLADA, PEINADA, U\u00d1AS RECORTADAS, CHAMARRA ROJA O GRIS OXFORD.<\/p><p><strong>COACH HOMBRE:<\/strong> PLAYERA POLO DE COACH SPORTICA, PANTS O MALLAS NEGRAS HASTA EL TOBILLO, SUDADERA NEGRA, BA\u00d1ADOS, PERFUMADOS, ASEO BUCAL Y CUBREBOCAS SPORTICA, TENIS NEGROS, BLANCOS O ROJOS, GORRA NEGRA O DE SPORTICA.<\/p><p><strong>COACH MUJER:<\/strong> PLAYERA SPORTICA, MALLAS NEGRAS, GRIS O ROJA (NO CACHETERO, NI TRANSPARENCIAS) BA\u00d1ADAS, PEINADAS, MAQUILLADAS, PERFUMADAS, U\u00d1AS CORTAS Y CON ASEO BUCAL.<\/p><p><strong>LIMPIEZA <\/strong>AMBOS SEXOS: BATA SPORTICA, MEZCLILLA, PEINADAS, U\u00d1AS RECORTADAS, CUBREBOCAS SPORTICA, ZAPATO NORMAL O INDUSTRIAL NEGRO, GORRA SPORTICA (OPCIONAL).<\/p><p><strong>COORDINADORES.<\/strong> PLAYERA POLO SPORTICA, PANTALON (JOGGER), CHALECO SPORTICA, TENIS NEGRO O BLANCO, BA\u00d1ADO, PERFUMADO, ASEO BUCAL.<\/p><p><strong>LIDER DE UNIDAD.<\/strong> PLAYERA POLO SPORTICA, PANTALON (JOGGER), CHALECO NEGRO, TENIS NEGRO O BLANCO, BA\u00d1ADO, PERFUMADO, ASEO BUCAL.<\/p><p><strong>CONTROL Y ENVIO DE ASISTENCIA<\/strong><\/p><p><strong>\u00a0<\/strong><\/p><p>Es de suma importancia que se cuente con su asistencia puntualmente, Turno Matutino 4:50\/5:50 Turno Vespertino 13:20\/14:20, esto con la finalidad de brindar la atenci\u00f3n a nuestros socios en punto de las 05:00 y 6:00am y por la tarde de las 13:30 y 14:30 hrs., El margen de tiempo es para programarnos revisar \u00e1rea de trabajo, prender equipo, colocar uniforme, (Coach apoyo en apertura de sucursal), etc., para que en punto de las 05:00 am y 6:00am y por la tarde 13:30 y 14:30, estemos listos para recibir y brindar la atenci\u00f3n a nuestros socios.<\/p><p><strong>EVIDENCIA DE ASISTENCIA:<\/strong><\/p><ol><li>Deberemos realizar nuestro registro una vez que ingresamos al establecimiento por medio del sistema de Control implementado para tal efecto, as\u00ed como enviar una fotograf\u00eda dentro del establecimiento a nuestro grupo de WhatsApp, en caso de tener problema con el biom\u00e9trico deberemos enviar evidencia de que el equipo no se encuentra funcionando de manera \u00f3ptima, o bien informando que sucursal no ha abierto.<\/li><li>El env\u00edo de la evidencia ser\u00e1 enviado a nuestro grupo de WhatsApp en un lapso no mayor a 5 minutos.<\/li><li>Las evidencias deber\u00e1n ser enviadas al inicio de nuestra jornada laboral y al t\u00e9rmino de la misma.<\/li><li>El registro de asistencia deber\u00e1 contar con la fotograf\u00eda y registro de biom\u00e9trico de entrada y salida.<\/li><li>Los registros que se realicen 1 hora antes de la jornada laboral se consideran como retardo, ya que se puede considerar que llegaron a entrenar y no sabemos a ciencia cierta si entraron en tiempo y forma al piso.<\/li><li>Evidencia que no se reciba en tiempo y forma ser\u00e1 considerada como desfasada.<\/li><li>Registro que no se encuentre en el sistema y\/o por omisi\u00f3n no se haya enviado ser\u00e1 considerado como falta.<\/li><li>Es responsabilidad del trabajador verificar que su registro se realiz\u00f3 correctamente en el sistema.<\/li><li>Reporte o registro realizado despu\u00e9s del horario estipulado para inicio de labores ser\u00e1 considerado como retardo.<\/li><li>En el caso de env\u00edo de evidencia (foto tipo selfie), la hora en la que se envi\u00e9 ese registro ser\u00e1 la que se tomar\u00e1 como hora de entrada.<\/li><li>Los registros de salida que se reciban antes del horario estipulado, ser\u00e1n considerados como retardos.<\/li><\/ol><p><strong>AUSENCIAS:<\/strong><\/p><p>En primera instancia deber\u00e1n avisar a su L\u00edder de Unidad para que este enterado de la emergencia que se trate, deber\u00e1 cerciorarse de que este mensaje ha sido le\u00eddo o realizar una llamada telef\u00f3nica para corroborar que el l\u00edder este enterado de la situaci\u00f3n que se trate, el l\u00edder tendr\u00e1 la responsabilidad de avisar, por otro lado es de suma importancia contar con el justificante correspondiente (fotograf\u00eda, receta m\u00e9dica, documento legal etc.), especificando el motivo por el cual no fue posible presentarse a su jornada laboral, as\u00ed mismo es responsabilidad del ausente verificar quien pueda cubrir la operaci\u00f3n para que \u00e9sta no se vea afectada, cabe aclarar que dicho justificante deber\u00e1 ser enviado de manera inmediata al l\u00edder y al departamento de recursos humanos, ya que de lo contrario se tomar\u00e1 como <strong>Falta Injustificada,<\/strong> afectando la evaluaci\u00f3n de desempe\u00f1o que se realizara al colaborador, as\u00ed mismo y de acuerdo al proceso normativo de operaci\u00f3n en su cl\u00e1usula correspondiente al rubro de \u201cPuntualidad\u201d, se les hace el recordatorio que 3 faltas injustificadas en el lapso comprendido de 1 mes ser\u00e1 considerado como abandono de trabajo.<\/p><p><strong>\u00a0<\/strong><\/p><p><strong>PAGO POR AUSENCIAS:<\/strong><\/p><p>Hacemos de su conocimiento que la receta m\u00e9dica o evidencia enviada, ser\u00e1 evaluada en base a su desempe\u00f1o laboral y a la cantidad de permisos y ausencias que presente el colaborador para determinar el apoyo econ\u00f3mico correspondiente, cabe aclarar que \u00fanicamente se recibir\u00e1n justificantes que sean enviados el d\u00eda de la ausencia para poder justificar y evaluar, ya que de lo contrario se tomar\u00e1 como falta injustificada, procediendo con el punto anterior.<\/p><p><strong>PERMISOS Y CAMBIOS DE HORARIO.<\/strong><\/p><p><strong>Permisos,<\/strong> \u00e9stos deber\u00e1n ser solicitados como marca nuestro reglamento interno, con dos d\u00edas de anticipaci\u00f3n y se determinara el otorgamiento del mismo con base a su desempe\u00f1o laboral, as\u00ed mismo es responsabilidad del colaborador indicar quien estar\u00e1 en el \u00e1rea de trabajo para no afectar la operaci\u00f3n.<\/p><p><strong>Cambios de horario,<\/strong> dichos movimientos deber\u00e1n ser informados con 1 d\u00eda de anticipaci\u00f3n al L\u00edder de unidad y \u00e9ste deber\u00e1 notificar para tener conocimiento de que estar\u00e1n cambiando turnos, esto con la finalidad de mantener informada a nuestra Direcci\u00f3n General.<\/p><p><strong>\u00a0<\/strong><\/p><p><strong>\u00a0<\/strong><\/p><p><strong>SANCIONES<\/strong><\/p><ol><li><strong>Primera vez que incurre el Prestador de servicio: Llamada de atenci\u00f3n verbal.<\/strong><\/li><li><strong>Segunda vez que incurre el Prestador de Servicio: Acta Administrativa.<\/strong><\/li><li><strong>En caso de obtener 3 Actas administrativas en un lapso de dos meses por cualquier \u00edndole se realizar\u00e1 la baja inmediata.<\/strong><\/li><\/ol><p><strong>\u00a0<\/strong><\/p><p><strong>REGLAS GENERALES<\/strong><\/p><ol><li>Dirigirse a todos los que trabajan en la Empresa Contratante con respeto y honestidad.<\/li><li>Dirigirse a los socios que utilizan los servicios de la empresa contratante con respeto y honestidad.<\/li><li>Cada Prestador de Servicio deber\u00e1 ser responsable de cada una de sus actividades y objetivos.<\/li><li>Fomentar la buena convivencia dentro y fuera de la sucursal.<\/li><li>Asegurar el Servicio a los socios conforme a los horarios establecidos que marca la Empresa Contratante que es de 5:00 y 06:00 am a 22:00 y 23:00 hrs de lunes a viernes, de 7:00 a 16:00 hrs, s\u00e1bado y de 8:00 a 16:00 hrs, domingos.<\/li><li>Mantener una imagen limpia y conforme a lineamientos, utilizar los colores y uniforme de la Empresa SPORTICA.<\/li><li>Realizar actividades inherentes a la prestaci\u00f3n del servicio conforme a necesidades de la Empresa Contratante.<\/li><\/ol><p><strong>PARTICULARES<\/strong><\/p><p><strong>L\u00edder de Unidad:<\/strong><\/p><ol><li>Cumplir las metas establecidas para asegurar la rentabilidad de la Empresa Contratante.<\/li><li>Dar un servicio de excelencia a los socios a trav\u00e9s de cubrir sus necesidades para lograr sus objetivos propios bajo el concepto de \u201cVida Saludable\u201d.<\/li><li>Garantizar que los prestadores de servicio a cargo se apeguen a los lineamientos y procedimientos de la Empresa Contratante.<\/li><li>Asegurar que los procesos administrativos se realicen en tiempo y forma y sin errores.<\/li><\/ol><p><strong>Recepcionista:<\/strong><\/p><ol><li>Contribuir para alcanzar las metas establecidas para asegurar la rentabilidad de la Empresa Contratante.<\/li><li>Dar un servicio de excelencia a los socios a trav\u00e9s de cubrir sus necesidades para lograr sus objetivos propios bajo el concepto de \u201cVida Saludable\u201d.<\/li><li>Asegurar que los procesos administrativos se realicen en tiempo y forma y sin errores.<\/li><\/ol><p><strong>INFORMACIN AL DIA.<\/strong><\/p><ul><li>CUADRO DE VENTA DE CUADERNO ROJO.<\/li><li>TICKETS DE SERVICIO, VENTA Y CORTE.<\/li><li>MOVIMIENTOS DE INVENTARIO.<\/li><li>GASTOS DEBIDAMENTE ORGANIZADOS, LOS CUALES DEBERAN CONTENER LOS SIGUIENTES REQUISITOS PARA SU APROBACION.<\/li><li>TICKET DE COMPRA O FACTURA<\/li><li>NOTA DE REMISION (PARA ACEPTAR ESTA DEBERA ESTAR ESPECIFICADO, \u00bfQUE COMPRO, CUANDO?, DESCRIPCION DEL PRODUCTO ADQUIRIDO, PIEZAS Y FECHA).<\/li><li>COMPROBANTE DE GASTOS SPORTICA (FECHA, MONTO, DESCRIPCION DE PAGO DE SERVICIO Y FIRMA DE QUIEN RECIBE DICHO PAGO)<\/li><li>PAGO COMISIONES, DEBERA CONTAR CON LOS FORMATOS INDICADOS, TICKETS Y DEBIDAMENTE FIRMADOS Y AUTORIZADOS POR AUXILIAR DE SUCURSAL.<\/li><li>LIBRETA DE INVENTARIO (CUADRICULADO, CLAVES DE PRODUCTO Y NOMBRE).<\/li><li>COMPROBANTE DESCUENTO EMPLEADO (NOMBRE, DESCRIPCION DE PRODUCTO ADQUIRIDO Y FIRMAS, LOS CUALES DEBERAN ESTAR ESCRITOS POR EL EMPLEADO Y DEBIDAMENTE ENTENDIBLES) \u201cNO APODOS\u201d<\/li><li>COMPROBANTE CLASES FITNESS (ESCRITO POR EL PROFESOR DONDE DESCRIBA: CUANTOS USUARIOS ASISTIERON, HORARIO DE CLASE, FECHA Y FIRMA).<\/li><li>CUENTAS POR PAGAR: TODOS LOS GASTOS DEBERAN ESTAR INGRESADOS EN EL SISTEMA EVO, RUBRO DE RETIRO Y CUENTAS POR PAGAR.<\/li><li>DESCORCHES (LAS TOMAS DEBERAN SER LAS QUE INDICA EL FRASCO) PRECIO PUBLICO SOLICITARLO AL GRUPO DE FINANZAS (EN CASO DE SER NUEVO PRODUCTO).<\/li><li>GASTOS DEBERAN ESTAR AUTORIZADOS POR FINANZAS.<\/li><li>CUADERNOS (ROJO Y DE INVENTARIO) SIN TACHADURAS, PROHIBIDO USO DE CORRECTOR.<\/li><li>RECEPCION LIMPIA, ORDENADA, LOS PRODUCTOS DEBERAN ESTAR EXHIBIDOS DE MANERA CORRECTA.<\/li><\/ul><p><strong>\u00a0<\/strong><\/p><p><strong>Auxiliar de Limpieza<\/strong><\/p><ol><li>Garantizar la imagen de la sucursal realizando limpieza conforme a su rol, seg\u00fan la sucursal a la que preste servicio.<\/li><li>Acatar las indicaciones realizadas por su la supervisora de Limpieza.<\/li><\/ol><p><strong>PROHIBICIONES<\/strong><\/p><ol><li><strong>Realizar actos contrarios a lo antes mencionado.<\/strong><\/li><li><strong>Incurrir en actos de falta de honradez y\/o probidad.<\/strong><\/li><li><strong>Incurrir en actos de violencia, amenaza, ofensa o malos tratamientos en contra de los dem\u00e1s prestadores de servicio, familiares o personal directivo.<\/strong><\/li><li><strong>Realizar actos que pongan en riesgo su integridad f\u00edsica o mental, as\u00ed como tambi\u00e9n la de otro prestador de servicio. <\/strong><\/li><li><strong>Da\u00f1ar de manera intencional los equipos y\/o herramientas que se requieren para desempe\u00f1ar sus actividades.<\/strong><\/li><li><strong>Cometer por imprudencia o descuido da\u00f1os al inmueble.<\/strong><\/li><li><strong>Tener m\u00e1s de tres faltas sin justificante m\u00e9dico.<\/strong><\/li><li><strong>Faltar sin consentimiento de su jefe inmediato o Recursos Humanos.<\/strong><\/li><li><strong>Suspender sus labores sin causa justificada.<\/strong><\/li><li><strong>Abandonar las instalaciones sin consentimiento del jefe inmediato.<\/strong><\/li><li><strong>Sustraer del establecimiento equipo, herramienta o cualquier utensilio interno.<\/strong><\/li><li><strong>Presentarse en estado de embriaguez o bajo efecto de alg\u00fan narc\u00f3tico.<\/strong><\/li><li><strong>Portar armas de cualquier tipo.<\/strong><\/li><li><strong>Utilizar el equipo o herramienta administrada por la Empresa Contratante para fines distintos a los que fue destinada.<\/strong><\/li><li><strong>Hacer cualquier tipo de propaganda de cualquier \u00edndole durante su estancia en las instalaciones de la Empresa Contratante.<\/strong><\/li><li><strong>Tener visitas de familiares o amigos durante su estancia en el establecimiento, a menos que sean por causa de fuerza mayor.<\/strong><\/li><li><strong>Pintar letreros de cualquier \u00edndole en ba\u00f1os o cualquier lugar de las instalaciones.<\/strong><\/li><\/ol><p>Siendo as\u00ed, cerrando estas reglas, firmando al calce las autorizaciones necesarias para llevar a cabo estos lineamientos.<\/p>\t\t\t\t\t\t\t\t<\/div>\n\t\t\t\t<\/div>\n\t\t\t\t\t<\/div>\n\t\t\t\t<\/div>\n\t\t\t\t<\/div>\n\t\t","protected":false},"excerpt":{"rendered":"<p>REGLAS GENERALES \u00a0 CODIGO DE VESTIMENTA RECEPCION: PLAYERA POLO SPORTICA, PANTALON NEGRO, TENIS NEGROS O BLANCOS, MAQUILLADA, PEINADA, U\u00d1AS RECORTADAS, CHAMARRA ROJA O GRIS OXFORD. COACH HOMBRE: PLAYERA POLO DE COACH SPORTICA, PANTS O MALLAS NEGRAS HASTA EL TOBILLO, SUDADERA NEGRA, BA\u00d1ADOS, PERFUMADOS, ASEO BUCAL Y CUBREBOCAS SPORTICA, TENIS NEGROS, BLANCOS O ROJOS, GORRA NEGRA [&hellip;]<\/p>\n","protected":false},"author":6,"featured_media":0,"parent":0,"menu_order":0,"comment_status":"closed","ping_status":"closed","template":"","meta":{"_eb_attr":"","footnotes":""},"class_list":["post-18332","page","type-page","status-publish","hentry"],"_links":{"self":[{"href":"https:\/\/sporticamx.com\/index.php\/wp-json\/wp\/v2\/pages\/18332","targetHints":{"allow":["GET"]}}],"collection":[{"href":"https:\/\/sporticamx.com\/index.php\/wp-json\/wp\/v2\/pages"}],"about":[{"href":"https:\/\/sporticamx.com\/index.php\/wp-json\/wp\/v2\/types\/page"}],"author":[{"embeddable":true,"href":"https:\/\/sporticamx.com\/index.php\/wp-json\/wp\/v2\/users\/6"}],"replies":[{"embeddable":true,"href":"https:\/\/sporticamx.com\/index.php\/wp-json\/wp\/v2\/comments?post=18332"}],"version-history":[{"count":23,"href":"https:\/\/sporticamx.com\/index.php\/wp-json\/wp\/v2\/pages\/18332\/revisions"}],"predecessor-version":[{"id":21808,"href":"https:\/\/sporticamx.com\/index.php\/wp-json\/wp\/v2\/pages\/18332\/revisions\/21808"}],"wp:attachment":[{"href":"https:\/\/sporticamx.com\/index.php\/wp-json\/wp\/v2\/media?parent=18332"}],"curies":[{"name":"wp","href":"https:\/\/api.w.org\/{rel}","templated":true}]}}